{"id":1956,"date":"2024-05-24T14:44:59","date_gmt":"2024-05-24T17:44:59","guid":{"rendered":"https:\/\/opticazarth.provisorio.ws\/loja\/?post_type=product&#038;p=1956"},"modified":"2024-07-30T12:41:40","modified_gmt":"2024-07-30T15:41:40","slug":"rb7184l-8126","status":"publish","type":"product","link":"https:\/\/opticazarth.com.br\/loja\/produto\/rb7184l-8126\/","title":{"rendered":"\u00d3culos RAYBAN QUADRADO MARROM TRANSL\u00daCIDO"},"content":{"rendered":"<p>Na \u00d3ptica Zarth, oferecemos \u00f3culos de sol que combinam design moderno, conforto e tecnologia avan\u00e7ada. A Rayban desenvolveu esta arma\u00e7\u00e3o para \u00f3culos de sol produzida em N\u00e1ilon. Nossos modelos possuem lentes de alta performance e prote\u00e7\u00e3o UV, garantindo durabilidade e ajuste perfeito. Com entrega em todo Brasil e parcelamento em at\u00e9 12x, transformar sua vis\u00e3o nunca foi t\u00e3o f\u00e1cil. Experimente a excel\u00eancia da \u00d3ptica Zarth e veja o mundo de uma nova maneira.<\/p>\n<p>CONFIRA TODOS OS DETALHES SOBRE O SEU PRODUTO EM \u201cINFORMA\u00c7\u00d5ES ADICIONAIS\u201d.<\/p>\n","protected":false},"excerpt":{"rendered":"<p>Na \u00d3ptica Zarth, oferecemos \u00f3culos de sol que combinam design moderno, conforto e tecnologia avan\u00e7ada. A Rayban desenvolveu esta arma\u00e7\u00e3o para \u00f3culos de sol produzida em N\u00e1ilon. Nossos modelos possuem lentes de alta performance e prote\u00e7\u00e3o UV, garantindo durabilidade e ajuste perfeito. Com entrega em todo Brasil e parcelamento em at\u00e9 12x, transformar sua vis\u00e3o nunca foi t\u00e3o f\u00e1cil. Experimente a excel\u00eancia da \u00d3ptica Zarth e veja o mundo de uma nova maneira.<\/p>\n<p>CONFIRA TODOS OS DETALHES SOBRE O SEU PRODUTO EM \u201cINFORMA\u00c7\u00d5ES ADICIONAIS\u201d.<\/p>\n","protected":false},"featured_media":1957,"template":"","meta":[],"product_brand":[],"product_cat":[22,18,44],"product_tag":[37,35,36,53],"class_list":{"0":"post-1956","1":"product","2":"type-product","3":"status-publish","4":"has-post-thumbnail","6":"product_cat-grau-feminino","7":"product_cat-oculos-de-grau","8":"product_cat-quadrado","9":"product_tag-feminino","10":"product_tag-oculos","11":"product_tag-oculos-de-grau","12":"product_tag-quadrado","13":"tm-has-options","15":"first","16":"instock","17":"shipping-taxable","18":"purchasable","19":"product-type-simple"},"_links":{"self":[{"href":"https:\/\/opticazarth.com.br\/loja\/wp-json\/wp\/v2\/product\/1956","targetHints":{"allow":["GET"]}}],"collection":[{"href":"https:\/\/opticazarth.com.br\/loja\/wp-json\/wp\/v2\/product"}],"about":[{"href":"https:\/\/opticazarth.com.br\/loja\/wp-json\/wp\/v2\/types\/product"}],"wp:featuredmedia":[{"embeddable":true,"href":"https:\/\/opticazarth.com.br\/loja\/wp-json\/wp\/v2\/media\/1957"}],"wp:attachment":[{"href":"https:\/\/opticazarth.com.br\/loja\/wp-json\/wp\/v2\/media?parent=1956"}],"wp:term":[{"taxonomy":"product_brand","embeddable":true,"href":"https:\/\/opticazarth.com.br\/loja\/wp-json\/wp\/v2\/product_brand?post=1956"},{"taxonomy":"product_cat","embeddable":true,"href":"https:\/\/opticazarth.com.br\/loja\/wp-json\/wp\/v2\/product_cat?post=1956"},{"taxonomy":"product_tag","embeddable":true,"href":"https:\/\/opticazarth.com.br\/loja\/wp-json\/wp\/v2\/product_tag?post=1956"}],"curies":[{"name":"wp","href":"https:\/\/api.w.org\/{rel}","templated":true}]}}