{"id":1962,"date":"2024-05-24T15:29:03","date_gmt":"2024-05-24T18:29:03","guid":{"rendered":"https:\/\/opticazarth.provisorio.ws\/loja\/?post_type=product&#038;p=1962"},"modified":"2024-05-24T16:11:19","modified_gmt":"2024-05-24T19:11:19","slug":"rb3694v-2500","status":"publish","type":"product","link":"https:\/\/opticazarth.com.br\/loja\/produto\/rb3694v-2500\/","title":{"rendered":"\u00d3culos RAYBAN QUADRADO POLIDO OURO"},"content":{"rendered":"<p>Na \u00d3ptica Zarth, oferecemos \u00f3culos de sol que combinam design moderno, conforto e tecnologia avan\u00e7ada. A Rayban desenvolveu esta arma\u00e7\u00e3o para \u00f3culos de sol produzida em metal que \u00e9 um material de alta qualidade que combina a durabilidade do acetato com uma maior resist\u00eancia a deforma\u00e7\u00f5es. Nossos modelos possuem lentes de alta performance, garantindo durabilidade e ajuste perfeito. Com entrega em todo Brasil e parcelamento em at\u00e9 12x, transformar sua vis\u00e3o nunca foi t\u00e3o f\u00e1cil. Experimente a excel\u00eancia da \u00d3ptica Zarth e veja o mundo de uma nova maneira.<\/p>\n<p>CONFIRA TODOS OS DETALHES SOBRE O SEU PRODUTO EM \u201cINFORMA\u00c7\u00d5ES ADICIONAIS\u201d.<\/p>\n","protected":false},"excerpt":{"rendered":"<p>Na \u00d3ptica Zarth, oferecemos \u00f3culos de sol que combinam design moderno, conforto e tecnologia avan\u00e7ada. A Rayban desenvolveu esta arma\u00e7\u00e3o para \u00f3culos de sol produzida em metal que \u00e9 um material de alta qualidade que combina a durabilidade do acetato com uma maior resist\u00eancia a deforma\u00e7\u00f5es. Nossos modelos possuem lentes de alta performance, garantindo durabilidade e ajuste perfeito. Com entrega em todo Brasil e parcelamento em at\u00e9 12x, transformar sua vis\u00e3o nunca foi t\u00e3o f\u00e1cil. Experimente a excel\u00eancia da \u00d3ptica Zarth e veja o mundo de uma nova maneira.<\/p>\n<p>CONFIRA TODOS OS DETALHES SOBRE O SEU PRODUTO EM \u201cINFORMA\u00c7\u00d5ES ADICIONAIS\u201d.<\/p>\n","protected":false},"featured_media":1964,"template":"","meta":[],"product_brand":[],"product_cat":[18,60,50],"product_tag":[35,36,53,52],"class_list":{"0":"post-1962","1":"product","2":"type-product","3":"status-publish","4":"has-post-thumbnail","6":"product_cat-oculos-de-grau","7":"product_cat-unissex-quadrado","8":"product_cat-unissex","9":"product_tag-oculos","10":"product_tag-oculos-de-grau","11":"product_tag-quadrado","12":"product_tag-unissex","13":"tm-has-options","15":"first","16":"instock","17":"shipping-taxable","18":"purchasable","19":"product-type-simple"},"_links":{"self":[{"href":"https:\/\/opticazarth.com.br\/loja\/wp-json\/wp\/v2\/product\/1962","targetHints":{"allow":["GET"]}}],"collection":[{"href":"https:\/\/opticazarth.com.br\/loja\/wp-json\/wp\/v2\/product"}],"about":[{"href":"https:\/\/opticazarth.com.br\/loja\/wp-json\/wp\/v2\/types\/product"}],"wp:featuredmedia":[{"embeddable":true,"href":"https:\/\/opticazarth.com.br\/loja\/wp-json\/wp\/v2\/media\/1964"}],"wp:attachment":[{"href":"https:\/\/opticazarth.com.br\/loja\/wp-json\/wp\/v2\/media?parent=1962"}],"wp:term":[{"taxonomy":"product_brand","embeddable":true,"href":"https:\/\/opticazarth.com.br\/loja\/wp-json\/wp\/v2\/product_brand?post=1962"},{"taxonomy":"product_cat","embeddable":true,"href":"https:\/\/opticazarth.com.br\/loja\/wp-json\/wp\/v2\/product_cat?post=1962"},{"taxonomy":"product_tag","embeddable":true,"href":"https:\/\/opticazarth.com.br\/loja\/wp-json\/wp\/v2\/product_tag?post=1962"}],"curies":[{"name":"wp","href":"https:\/\/api.w.org\/{rel}","templated":true}]}}