{"id":2360,"date":"2024-05-29T16:15:47","date_gmt":"2024-05-29T19:15:47","guid":{"rendered":"https:\/\/opticazarth.provisorio.ws\/loja\/?post_type=product&#038;p=2360"},"modified":"2024-07-05T14:33:40","modified_gmt":"2024-07-05T17:33:40","slug":"mj5109-c3-2","status":"publish","type":"product","link":"https:\/\/opticazarth.com.br\/loja\/produto\/mj5109-c3-2\/","title":{"rendered":"\u00d3culos MYZ REDONDO"},"content":{"rendered":"<p>Na \u00d3ptica Zarth, oferecemos \u00f3culos de grau que combinam design moderno, conforto e tecnologia avan\u00e7ada. A MYZ desenvolveu esta arma\u00e7\u00e3o para \u00f3culos de grau produzida em metal, um material com excelentes condi\u00e7\u00f5es de transforma\u00e7\u00e3o e adaptabilidade. Nossos modelos possuem lentes de alta performance, garantindo durabilidade e ajuste perfeito. Com entrega em todo Brasil e parcelamento em at\u00e9 12x, transformar sua vis\u00e3o nunca foi t\u00e3o f\u00e1cil. Experimente a excel\u00eancia da \u00d3ptica Zarth e veja o mundo de uma nova maneira.<\/p>\n<p>CONFIRA TODOS OS DETALHES SOBRE O SEU PRODUTO EM \u201cINFORMA\u00c7\u00d5ES ADICIONAIS\u201d.<\/p>\n","protected":false},"excerpt":{"rendered":"<p>Na \u00d3ptica Zarth, oferecemos \u00f3culos de grau que combinam design moderno, conforto e tecnologia avan\u00e7ada. A MYZ desenvolveu esta arma\u00e7\u00e3o para \u00f3culos de grau produzida em metal, um material com excelentes condi\u00e7\u00f5es de transforma\u00e7\u00e3o e adaptabilidade. Nossos modelos possuem lentes de alta performance, garantindo durabilidade e ajuste perfeito. Com entrega em todo Brasil e parcelamento em at\u00e9 12x, transformar sua vis\u00e3o nunca foi t\u00e3o f\u00e1cil. Experimente a excel\u00eancia da \u00d3ptica Zarth e veja o mundo de uma nova maneira.<\/p>\n<p>CONFIRA TODOS OS DETALHES SOBRE O SEU PRODUTO EM \u201cINFORMA\u00c7\u00d5ES ADICIONAIS\u201d.<\/p>\n","protected":false},"featured_media":2361,"template":"","meta":[],"product_brand":[],"product_cat":[22,18,45],"product_tag":[37,35,36,49],"class_list":{"0":"post-2360","1":"product","2":"type-product","3":"status-publish","4":"has-post-thumbnail","6":"product_cat-grau-feminino","7":"product_cat-oculos-de-grau","8":"product_cat-redondo","9":"product_tag-feminino","10":"product_tag-oculos","11":"product_tag-oculos-de-grau","12":"product_tag-redondo","13":"tm-has-options","15":"first","16":"instock","17":"shipping-taxable","18":"purchasable","19":"product-type-simple"},"_links":{"self":[{"href":"https:\/\/opticazarth.com.br\/loja\/wp-json\/wp\/v2\/product\/2360","targetHints":{"allow":["GET"]}}],"collection":[{"href":"https:\/\/opticazarth.com.br\/loja\/wp-json\/wp\/v2\/product"}],"about":[{"href":"https:\/\/opticazarth.com.br\/loja\/wp-json\/wp\/v2\/types\/product"}],"wp:featuredmedia":[{"embeddable":true,"href":"https:\/\/opticazarth.com.br\/loja\/wp-json\/wp\/v2\/media\/2361"}],"wp:attachment":[{"href":"https:\/\/opticazarth.com.br\/loja\/wp-json\/wp\/v2\/media?parent=2360"}],"wp:term":[{"taxonomy":"product_brand","embeddable":true,"href":"https:\/\/opticazarth.com.br\/loja\/wp-json\/wp\/v2\/product_brand?post=2360"},{"taxonomy":"product_cat","embeddable":true,"href":"https:\/\/opticazarth.com.br\/loja\/wp-json\/wp\/v2\/product_cat?post=2360"},{"taxonomy":"product_tag","embeddable":true,"href":"https:\/\/opticazarth.com.br\/loja\/wp-json\/wp\/v2\/product_tag?post=2360"}],"curies":[{"name":"wp","href":"https:\/\/api.w.org\/{rel}","templated":true}]}}