{"id":2636,"date":"2024-06-07T10:29:22","date_gmt":"2024-06-07T13:29:22","guid":{"rendered":"https:\/\/opticazarth.provisorio.ws\/loja\/?post_type=product&#038;p=2636"},"modified":"2024-11-21T19:16:47","modified_gmt":"2024-11-21T22:16:47","slug":"mb4833-c1","status":"publish","type":"product","link":"https:\/\/opticazarth.com.br\/loja\/produto\/mb4833-c1\/","title":{"rendered":"\u00d3culos MYZ REDONDO PRETO"},"content":{"rendered":"<p>Na \u00d3ptica Zarth, oferecemos \u00f3culos de grau que combinam design moderno, conforto e tecnologia avan\u00e7ada. A MYZ desenvolveu esta arma\u00e7\u00e3o para \u00f3culos de grau produzida em acetato que \u00e9 um material leve e confort\u00e1vel, ideal para uso prolongado, sendo hipoalerg\u00eanico, \u00e9 menos prov\u00e1vel causar rea\u00e7\u00f5es al\u00e9rgicas e sua flexibilidade permite ajustes para um encaixe perfeito. Nossos modelos possuem lentes de alta performance, garantindo durabilidade e ajuste perfeito. Com entrega em todo Brasil e parcelamento em at\u00e9 12x, transformar sua vis\u00e3o nunca foi t\u00e3o f\u00e1cil. Experimente a excel\u00eancia da \u00d3ptica Zarth e veja o mundo de uma nova maneira.<\/p>\n<p>CONFIRA TODOS OS DETALHES SOBRE O SEU PRODUTO EM \u201cINFORMA\u00c7\u00d5ES ADICIONAIS\u201d.<\/p>\n","protected":false},"excerpt":{"rendered":"<p>Na \u00d3ptica Zarth, oferecemos \u00f3culos de grau que combinam design moderno, conforto e tecnologia avan\u00e7ada. A MYZ desenvolveu esta arma\u00e7\u00e3o para \u00f3culos de grau produzida em acetato que \u00e9 um material leve e confort\u00e1vel, ideal para uso prolongado, sendo hipoalerg\u00eanico, \u00e9 menos prov\u00e1vel causar rea\u00e7\u00f5es al\u00e9rgicas e sua flexibilidade permite ajustes para um encaixe perfeito. Nossos modelos possuem lentes de alta performance, garantindo durabilidade e ajuste perfeito. Com entrega em todo Brasil e parcelamento em at\u00e9 12x, transformar sua vis\u00e3o nunca foi t\u00e3o f\u00e1cil. Experimente a excel\u00eancia da \u00d3ptica Zarth e veja o mundo de uma nova maneira.<\/p>\n<p>CONFIRA TODOS OS DETALHES SOBRE O SEU PRODUTO EM \u201cINFORMA\u00c7\u00d5ES ADICIONAIS\u201d.<\/p>\n","protected":false},"featured_media":2637,"template":"","meta":[],"product_brand":[],"product_cat":[18,51,50],"product_tag":[35,36,49,52],"class_list":{"0":"post-2636","1":"product","2":"type-product","3":"status-publish","4":"has-post-thumbnail","6":"product_cat-oculos-de-grau","7":"product_cat-redondo-unissex","8":"product_cat-unissex","9":"product_tag-oculos","10":"product_tag-oculos-de-grau","11":"product_tag-redondo","12":"product_tag-unissex","13":"tm-has-options","15":"first","16":"outofstock","17":"shipping-taxable","18":"purchasable","19":"product-type-simple"},"_links":{"self":[{"href":"https:\/\/opticazarth.com.br\/loja\/wp-json\/wp\/v2\/product\/2636","targetHints":{"allow":["GET"]}}],"collection":[{"href":"https:\/\/opticazarth.com.br\/loja\/wp-json\/wp\/v2\/product"}],"about":[{"href":"https:\/\/opticazarth.com.br\/loja\/wp-json\/wp\/v2\/types\/product"}],"wp:featuredmedia":[{"embeddable":true,"href":"https:\/\/opticazarth.com.br\/loja\/wp-json\/wp\/v2\/media\/2637"}],"wp:attachment":[{"href":"https:\/\/opticazarth.com.br\/loja\/wp-json\/wp\/v2\/media?parent=2636"}],"wp:term":[{"taxonomy":"product_brand","embeddable":true,"href":"https:\/\/opticazarth.com.br\/loja\/wp-json\/wp\/v2\/product_brand?post=2636"},{"taxonomy":"product_cat","embeddable":true,"href":"https:\/\/opticazarth.com.br\/loja\/wp-json\/wp\/v2\/product_cat?post=2636"},{"taxonomy":"product_tag","embeddable":true,"href":"https:\/\/opticazarth.com.br\/loja\/wp-json\/wp\/v2\/product_tag?post=2636"}],"curies":[{"name":"wp","href":"https:\/\/api.w.org\/{rel}","templated":true}]}}