{"id":2922,"date":"2024-06-12T22:54:33","date_gmt":"2024-06-13T01:54:33","guid":{"rendered":"https:\/\/opticazarth.provisorio.ws\/loja\/?post_type=product&#038;p=2922"},"modified":"2024-08-16T18:13:06","modified_gmt":"2024-08-16T21:13:06","slug":"rb4417l-601-8g","status":"publish","type":"product","link":"https:\/\/opticazarth.com.br\/loja\/produto\/rb4417l-601-8g\/","title":{"rendered":"\u00d3culos RAYBAN QUADRADO POLIDO PRETO"},"content":{"rendered":"<p>Produto: \u00d3culos RAYBAN QUADRADO POLIDO PRETO<\/p>\n<p>Na \u00d3ptica Zarth, oferecemos \u00f3culos de grau que combinam design moderno, conforto e tecnologia avan\u00e7ada. A Rayban desenvolveu esta arma\u00e7\u00e3o para \u00f3culos de grau produzida em injetado que \u00e9 um material male\u00e1vel para diversos designs. Nossos modelos possuem lentes de alta performance e prote\u00e7\u00e3o UV, garantindo durabilidade e ajuste perfeito. Com entrega em todo Brasil e parcelamento em at\u00e9 12x, transformar sua vis\u00e3o nunca foi t\u00e3o f\u00e1cil. Experimente a excel\u00eancia da \u00d3ptica Zarth e veja o mundo de uma nova maneira.<\/p>\n<p>CONFIRA TODOS OS DETALHES SOBRE O SEU PRODUTO EM \u201cINFORMA\u00c7\u00d5ES ADICIONAIS\u201d.<\/p>\n<p>Nos siga nas <a href=\"https:\/\/www.instagram.com\/opticazarth\/\">redes sociais<\/a>!<\/p>\n","protected":false},"excerpt":{"rendered":"<p>Na \u00d3ptica Zarth, oferecemos \u00f3culos de grau que combinam design moderno, conforto e tecnologia avan\u00e7ada. A Rayban desenvolveu esta arma\u00e7\u00e3o para \u00f3culos de grau produzida em injetado que \u00e9 um material male\u00e1vel para diversos designs. Nossos modelos possuem lentes de alta performance e prote\u00e7\u00e3o UV, garantindo durabilidade e ajuste perfeito. Com entrega em todo Brasil e parcelamento em at\u00e9 12x, transformar sua vis\u00e3o nunca foi t\u00e3o f\u00e1cil. Experimente a excel\u00eancia da \u00d3ptica Zarth e veja o mundo de uma nova maneira.<\/p>\n<p>CONFIRA TODOS OS DETALHES SOBRE O SEU PRODUTO EM \u201cINFORMA\u00c7\u00d5ES ADICIONAIS\u201d.<\/p>\n","protected":false},"featured_media":2924,"template":"","meta":[],"product_brand":[],"product_cat":[26,25,57],"product_tag":[37,35,55,53],"class_list":{"0":"post-2922","1":"product","2":"type-product","3":"status-publish","4":"has-post-thumbnail","6":"product_cat-sol-feminino","7":"product_cat-oculos-de-sol","8":"product_cat-quadrado-sol-feminino","9":"product_tag-feminino","10":"product_tag-oculos","11":"product_tag-oculos-de-sol","12":"product_tag-quadrado","13":"tm-has-options","15":"first","16":"instock","17":"shipping-taxable","18":"purchasable","19":"product-type-simple"},"_links":{"self":[{"href":"https:\/\/opticazarth.com.br\/loja\/wp-json\/wp\/v2\/product\/2922","targetHints":{"allow":["GET"]}}],"collection":[{"href":"https:\/\/opticazarth.com.br\/loja\/wp-json\/wp\/v2\/product"}],"about":[{"href":"https:\/\/opticazarth.com.br\/loja\/wp-json\/wp\/v2\/types\/product"}],"wp:featuredmedia":[{"embeddable":true,"href":"https:\/\/opticazarth.com.br\/loja\/wp-json\/wp\/v2\/media\/2924"}],"wp:attachment":[{"href":"https:\/\/opticazarth.com.br\/loja\/wp-json\/wp\/v2\/media?parent=2922"}],"wp:term":[{"taxonomy":"product_brand","embeddable":true,"href":"https:\/\/opticazarth.com.br\/loja\/wp-json\/wp\/v2\/product_brand?post=2922"},{"taxonomy":"product_cat","embeddable":true,"href":"https:\/\/opticazarth.com.br\/loja\/wp-json\/wp\/v2\/product_cat?post=2922"},{"taxonomy":"product_tag","embeddable":true,"href":"https:\/\/opticazarth.com.br\/loja\/wp-json\/wp\/v2\/product_tag?post=2922"}],"curies":[{"name":"wp","href":"https:\/\/api.w.org\/{rel}","templated":true}]}}