{"id":2953,"date":"2024-06-13T10:43:05","date_gmt":"2024-06-13T13:43:05","guid":{"rendered":"https:\/\/opticazarth.provisorio.ws\/loja\/?post_type=product&#038;p=2953"},"modified":"2026-03-05T11:39:56","modified_gmt":"2026-03-05T14:39:56","slug":"vlf4413-c2","status":"publish","type":"product","link":"https:\/\/opticazarth.com.br\/loja\/produto\/vlf4413-c2\/","title":{"rendered":"\u00d3culos MYZ HEXAGONAL ROSA COM DETALHES OURO"},"content":{"rendered":"<p>Produto: \u00d3culos MYZ HEXAGONAL ROSA COM DETALHES OURO<\/p>\n<p>Na \u00d3ptica Zarth, oferecemos \u00f3culos de grau que combinam design moderno, conforto e tecnologia avan\u00e7ada. A MYZ desenvolveu esta arma\u00e7\u00e3o para \u00f3culos de grau produzida em metal, um material com excelentes condi\u00e7\u00f5es de transforma\u00e7\u00e3o e adaptabilidade. Nossos modelos possuem lentes de alta performance, garantindo durabilidade e ajuste perfeito. Com entrega em todo Brasil e parcelamento em at\u00e9 12x, transformar sua vis\u00e3o nunca foi t\u00e3o f\u00e1cil. Experimente a excel\u00eancia da \u00d3ptica Zarth e veja o mundo de uma nova maneira.<\/p>\n<p>CONFIRA TODOS OS DETALHES SOBRE O SEU PRODUTO EM \u201cINFORMA\u00c7\u00d5ES ADICIONAIS\u201d.<\/p>\n<p>Nos siga nas <a href=\"https:\/\/www.instagram.com\/opticazarth\/\">redes sociais<\/a>!<\/p>\n","protected":false},"excerpt":{"rendered":"<p>Na \u00d3ptica Zarth, oferecemos \u00f3culos de grau que combinam design moderno, conforto e tecnologia avan\u00e7ada. A MYZ desenvolveu esta arma\u00e7\u00e3o para \u00f3culos de grau produzida em metal, um material com excelentes condi\u00e7\u00f5es de transforma\u00e7\u00e3o e adaptabilidade. Nossos modelos possuem lentes de alta performance, garantindo durabilidade e ajuste perfeito. Com entrega em todo Brasil e parcelamento em at\u00e9 12x, transformar sua vis\u00e3o nunca foi t\u00e3o f\u00e1cil. Experimente a excel\u00eancia da \u00d3ptica Zarth e veja o mundo de uma nova maneira.<\/p>\n<p>CONFIRA TODOS OS DETALHES SOBRE O SEU PRODUTO EM \u201cINFORMA\u00c7\u00d5ES ADICIONAIS\u201d.<\/p>\n","protected":false},"featured_media":2955,"template":"","meta":[],"product_brand":[],"product_cat":[22,46,18],"product_tag":[37,56,35,36,94],"class_list":{"0":"post-2953","1":"product","2":"type-product","3":"status-publish","4":"has-post-thumbnail","6":"product_cat-grau-feminino","7":"product_cat-hexagonal","8":"product_cat-oculos-de-grau","9":"product_tag-feminino","10":"product_tag-hexagonal","11":"product_tag-oculos","12":"product_tag-oculos-de-grau","13":"product_tag-promo50","14":"tm-has-options","16":"first","17":"instock","18":"sale","19":"shipping-taxable","20":"purchasable","21":"product-type-simple"},"_links":{"self":[{"href":"https:\/\/opticazarth.com.br\/loja\/wp-json\/wp\/v2\/product\/2953","targetHints":{"allow":["GET"]}}],"collection":[{"href":"https:\/\/opticazarth.com.br\/loja\/wp-json\/wp\/v2\/product"}],"about":[{"href":"https:\/\/opticazarth.com.br\/loja\/wp-json\/wp\/v2\/types\/product"}],"wp:featuredmedia":[{"embeddable":true,"href":"https:\/\/opticazarth.com.br\/loja\/wp-json\/wp\/v2\/media\/2955"}],"wp:attachment":[{"href":"https:\/\/opticazarth.com.br\/loja\/wp-json\/wp\/v2\/media?parent=2953"}],"wp:term":[{"taxonomy":"product_brand","embeddable":true,"href":"https:\/\/opticazarth.com.br\/loja\/wp-json\/wp\/v2\/product_brand?post=2953"},{"taxonomy":"product_cat","embeddable":true,"href":"https:\/\/opticazarth.com.br\/loja\/wp-json\/wp\/v2\/product_cat?post=2953"},{"taxonomy":"product_tag","embeddable":true,"href":"https:\/\/opticazarth.com.br\/loja\/wp-json\/wp\/v2\/product_tag?post=2953"}],"curies":[{"name":"wp","href":"https:\/\/api.w.org\/{rel}","templated":true}]}}